{"id":1613,"date":"2019-05-22T10:39:21","date_gmt":"2019-05-22T08:39:21","guid":{"rendered":"https:\/\/www.restaurant-nolle.de\/?page_id=1613"},"modified":"2022-08-05T10:20:04","modified_gmt":"2022-08-05T08:20:04","slug":"menue-backup","status":"publish","type":"page","link":"https:\/\/www.restaurant-nolle.de\/en\/menue-backup\/","title":{"rendered":"Menu (Kopie deutsche Seite)"},"content":{"rendered":"\t<div class=\"pixcode  pixcode--grid  grid\" >\n\t\t\t<div class=\"grid__item six-twelfths palm-one-whole\" >\n\t\t\n<div class=\"menu-list menu-list__dotted\">\n<h2 class=\"menu-list__title\">Business Lunch<\/h2>\n<hr class=\"separator\"\/>\n<ul class=\"menu-list__items\">\n<li class=\"menu-list__item\">\n<h4 class=\"menu-list__item-title\"><strong>Montag bis Freitag - 12.00 bis 14.30 Uhr<\/strong><\/h4>\n<\/li>\n<li class=\"menu-list__item\">\n<h4 class=\"menu-list__item-title\"><span class=\"item_title\"><strong>Montag:<\/strong> Vegetarische Spinat-Lasagne<\/span><span class=\"dots\"><\/span><\/h4>\n<p class=\"menu-list__item-desc\"><span class=\"desc__content\">mit Waln\u00fcssen, Sauce Hollandaise, Salatgarnitur<\/span><\/p>\n<span class=\"dots\"><\/span><span class=\"menu-list__item-price\">8,00 \u20ac<\/span><\/li>\n<li class=\"menu-list__item\">\n<h4 class=\"menu-list__item-title\"><strong>Dienstag:<\/strong> H\u00e4hnchenbruststreifen<\/h4>\n<p class=\"menu-list__item-desc\"><span class=\"desc__content\">mit Paprika, Oliven, getrockneten Tomaten, in Tomaten-Basilikum-Sauce,<\/span><\/p>\n<p class=\"menu-list__item-desc\"><span class=\"desc__content\">Pommes frites, Garnitur<\/span><span class=\"dots\"><\/span><span class=\"menu-list__item-price\">9,50 \u20ac<\/span><\/p>\n<\/li>\n<li class=\"menu-list__item\">\n<h4 class=\"menu-list__item-title\"><span class=\"item_title\"><strong>Mittwoch:<\/strong> Frischer Broccoli<\/span><span class=\"dots\"><\/span><\/h4>\n<p class=\"menu-list__item-desc\"><span class=\"desc__content\">mit K\u00e4se-Sahne-Sauce, gekochtem Metzgerschinken, Petersilienkartoffeln<\/span><\/p>\n<span class=\"dots\"><\/span><span class=\"menu-list__item-price\">8,90 \u20ac<\/span><\/li>\n<li class=\"menu-list__item\">\n<h4 class=\"menu-list__item-title\"><span class=\"item_title\"><strong>Donnerstag:<\/strong> Kleine Rostbratw\u00fcrstchen<\/span><span class=\"dots\"><\/span><\/h4>\n<p class=\"menu-list__item-desc\"><span class=\"desc__content\">auf Wirsingkohlgem\u00fcse, Stampfkartoffeln<\/span><\/p>\n<span class=\"dots\"><\/span><span class=\"menu-list__item-price\">8,90 \u20ac<\/span><\/li>\n<li class=\"menu-list__item\">\n<h4 class=\"menu-list__item-title\"><span class=\"item_title\"><strong>Freitag:<\/strong> Schw\u00e4bische Maultaschen<\/span><span class=\"dots\"><\/span><\/h4>\n<p class=\"menu-list__item-desc\"><span class=\"desc__content\">mit Zwiebelschmelze, hausgemachtem Kartoffelsalat, Garnitur<\/span><\/p>\n<span class=\"dots\"><\/span><span class=\"menu-list__item-price\">8,50 \u20ac<\/span><\/li>\n<\/ul>\n<h2 class=\"menu-list__title\">Saisonkarte<\/h2>\n<hr class=\"separator\"\/>\n<ul class=\"menu-list__items\">\n<li class=\"menu-list__item\">\n<div class=\"menu-list__item-highlight-wrapper\">\n<span class=\"menu-list__item-highlight-title\">Unser Tipp<\/span>\n<h4 class=\"menu-list__item-title\">Frischer Beelitzer Spargel<\/h4>\n<p class=\"menu-list__item-desc\"><span class=\"desc__content\">wahlweise mit Sauce Hollandaise oder zerlassener Butter<\/span><\/p>\n<p class=\"menu-list__item-desc\"><span class=\"desc__content\">dazu Petersilienkartoffeln<\/span><span class=\"dots\"><\/span><span class=\"menu-list__item-price\">11,90 \u20ac<\/span><\/p>\n<p class=\"menu-list__item-desc\"><span class=\"desc__content\">mit gekochtem Metzgerschinken<\/span><span class=\"dots\"><\/span><span class=\"menu-list__item-price\">13,80 \u20ac<\/span><\/p>\n<p class=\"menu-list__item-desc\"><span class=\"desc__content\">mit spanischem Serranoschinken<\/span><span class=\"dots\"><\/span><span class=\"menu-list__item-price\">14,30 \u20ac<\/span><\/p>\n<p class=\"menu-list__item-desc\"><span class=\"desc__content\">mit Rucola, in feiner Rahmsauce und Emmentaler K\u00e4se \u00fcberbacken<\/span><span class=\"dots\"><\/span><span class=\"menu-list__item-price\">14,00 \u20ac<\/span><\/p>\n<p class=\"menu-list__item-desc\"><span class=\"desc__content\">mit zart gebratener H\u00e4hnchenbrust<\/span><span class=\"dots\"><\/span><span class=\"menu-list__item-price\">17,00 \u20ac<\/span><\/p>\n<p class=\"menu-list__item-desc\"><span class=\"desc__content\">mit paniertem Schweineschnitzel Wiener Art<\/span><span class=\"dots\"><\/span><span class=\"menu-list__item-price\">17,90 \u20ac<\/span><\/p>\n<p class=\"menu-list__item-desc\"><span class=\"desc__content\">mit gegrilltem Kalbsr\u00fcckensteak und Kr\u00e4uterbutter<\/span><span class=\"dots\"><\/span><span class=\"menu-list__item-price\">23,50 \u20ac<\/span><\/p>\n<p class=\"menu-list__item-desc\"><span class=\"desc__content\">Portion Spargel extra zum Gericht dazu<\/span><span class=\"dots\"><\/span><span class=\"menu-list__item-price\">8,90 \u20ac<\/span><\/p>\n<p class=\"menu-list__item-desc\"><span class=\"desc__content\"><\/span><\/p>\n<\/div>\n<\/li>\n<\/ul>\n<h2 class=\"menu-list__title\">Vorspeisen<\/h2>\n<hr class=\"separator\"\/>\n<ul class=\"menu-list__items\">\n<li class=\"menu-list__item\">\n<h4 class=\"menu-list__item-title\"><strong>Suppen<\/strong><\/h4>\n<\/li>\n<li class=\"menu-list__item\">\n<h4 class=\"menu-list__item-title\"><span class=\"item_title\">Tomatencremesuppe<\/span><span class=\"dots\"><\/span><\/h4>\n<p class=\"menu-list__item-desc\"><span class=\"desc__content\">mit Pesto-Sahnehaube<\/span><\/p>\n<span class=\"dots\"><\/span><span class=\"menu-list__item-price\">5,00 \u20ac<\/span><\/li>\n<li class=\"menu-list__item\">\n<h4 class=\"menu-list__item-title\"><span class=\"item_title\">Berliner Kartoffel-Gem\u00fcsesuppe<\/span><span class=\"dots\"><\/span><\/h4>\n<p class=\"menu-list__item-desc\"><span class=\"desc__content\">mit Wurstscheiben<\/span><\/p>\n<span class=\"dots\"><\/span><span class=\"menu-list__item-price\">5,50 \u20ac<\/span><\/li>\n<li class=\"menu-list__item\">\n<h4 class=\"menu-list__item-title\"><span class=\"item_title\">Tagessuppe<\/span><span class=\"dots\"><\/span><\/h4>\n<p class=\"menu-list__item-desc\"><span class=\"desc__content\"><\/span><\/p>\n<span class=\"dots\"><\/span><span class=\"menu-list__item-price\">4,80 \u20ac<\/span><\/li>\n<li class=\"menu-list__item\">\n<h4 class=\"menu-list__item-title\"><strong>Vorneweg<\/strong><\/h4>\n<\/li>\n<li class=\"menu-list__item\">\n<h4 class=\"menu-list__item-title\">Hausgemachte Cremes und Dips<\/h4>\n<p class=\"menu-list__item-desc\"><span class=\"desc__content\">Schnittlauch-Sour Cream, Paprikafrischk\u00e4se,<\/span><\/p>\n<p class=\"menu-list__item-desc\"><span class=\"desc__content\">frisches Basilikum-Knoblauch-Pesto, Kr\u00e4utercreme mit ger\u00f6stetem Fladenbrot, Baguette,<\/span><span class=\"dots\"><\/span><span class=\"menu-list__item-price\">5,80 \u20ac<\/span><\/p>\n<\/li>\n<li class=\"menu-list__item\">\n<h4 class=\"menu-list__item-title\"><span class=\"item_title\">Ger\u00f6stetes Fladenbrot und Baguette<\/span><span class=\"dots\"><\/span><\/h4>\n<span class=\"dots\"><\/span><span class=\"menu-list__item-price\">2,50 \u20ac<\/span><\/li>\n<li class=\"menu-list__item\">\n<h4 class=\"menu-list__item-title\"><strong>Salate<\/strong><\/h4>\n<\/li>\n<li class=\"menu-list__item\">\n<h4 class=\"menu-list__item-title\"><span class=\"item_title\">Marktfrische Salatauswahl<\/span><span class=\"dots\"><\/span><\/h4>\n<p class=\"menu-list__item-desc\"><span class=\"desc__content\">mit Kr\u00e4uter-Joghurtdressing oder Balsamicovinaigrette<\/span><\/p>\n<span class=\"dots\"><\/span><span class=\"menu-list__item-price\">6,10 \u20ac<\/span><\/li>\n<li class=\"menu-list__item\">\n<h4 class=\"menu-list__item-title\"><span class=\"item_title\">Rucolasalat<\/span><span class=\"dots\"><\/span><\/h4>\n<p class=\"menu-list__item-desc\"><span class=\"desc__content\">mit Kirschtomaten, geriebenem Schafsk\u00e4se an Balsamicovinaigrette<\/span><\/p>\n<span class=\"dots\"><\/span><span class=\"menu-list__item-price\">7,80 \u20ac<\/span><\/li>\n<li class=\"menu-list__item\">\n<h4 class=\"menu-list__item-title\">Gro\u00dfe Salatvariation<\/h4>\n<p class=\"menu-list__item-desc\"><span class=\"desc__content\">mit Schinken-K\u00e4ser\u00f6llchen und gekochtem Ei, an Kr\u00e4uter-Joghurt-<\/span><\/p>\n<p class=\"menu-list__item-desc\"><span class=\"desc__content\">dressing oder Balsamicovinaigrette<\/span><span class=\"dots\"><\/span><span class=\"menu-list__item-price\">12,00 \u20ac<\/span><\/p>\n<\/li>\n<li class=\"menu-list__item\">\n<h4 class=\"menu-list__item-title\">Mozzarella mit Tomaten<\/h4>\n<p class=\"menu-list__item-desc\"><span class=\"desc__content\">frischem Pesto, mit Oliven\u00f6l und Balsamico mariniert,<\/span><\/p>\n<p class=\"menu-list__item-desc\"><span class=\"desc__content\">Salatgarnitur, Baguette<\/span><span class=\"dots\"><\/span><span class=\"menu-list__item-price\">9,90 \u20ac<\/span><\/p>\n<\/li>\n<li class=\"menu-list__item\">\n<h4 class=\"menu-list__item-title\">Salatsch\u00fcssel<\/h4>\n<p class=\"menu-list__item-desc\"><span class=\"desc__content\">mit gebratenen H\u00e4hnchenbruststreifen und<\/span><\/p>\n<p class=\"menu-list__item-desc\"><span class=\"desc__content\">frischen Champignons an Hausdressing<\/span><span class=\"dots\"><\/span><span class=\"menu-list__item-price\">14,20 \u20ac<\/span><\/p>\n<\/li>\n<li class=\"menu-list__item\">\n<h4 class=\"menu-list__item-title\">Nolle-Salat<\/h4>\n<p class=\"menu-list__item-desc\"><span class=\"desc__content\">zart gebratenes H\u00e4hnchenbrustfilet,<\/span><\/p>\n<p class=\"menu-list__item-desc\"><span class=\"desc__content\">Backkartoffel mit Sour Cream und gro\u00dfer Salatauswahl<\/span><\/p>\n<p class=\"menu-list__item-desc\"><span class=\"desc__content\">an Kr\u00e4uterjoghurtdressing oder Balsamicovinaigrette<\/span><span class=\"dots\"><\/span><span class=\"menu-list__item-price\">15,30 \u20ac<\/span><\/p>\n<p class=\"menu-list__item-desc\"><span class=\"desc__content\"><\/span><\/p>\n<\/li>\n<\/ul>\n<h2 class=\"menu-list__title\">F\u00fcr unsere kleinen G\u00e4ste<\/h2>\n<hr class=\"separator\"\/>\n<ul class=\"menu-list__items\">\n<li class=\"menu-list__item\">\n<h4 class=\"menu-list__item-title\"><span class=\"item_title\">Kleines Schweineschnitzel paniert<\/span><span class=\"dots\"><\/span><\/h4>\n<p class=\"menu-list__item-desc\"><span class=\"desc__content\">mit Erbsen-M\u00f6hrengem\u00fcse, Pommes Frites<\/span><\/p>\n<span class=\"dots\"><\/span><span class=\"menu-list__item-price\">8,20 \u20ac<\/span><\/li>\n<li class=\"menu-list__item\">\n<h4 class=\"menu-list__item-title\">Spaghetti<\/h4>\n<p class=\"menu-list__item-desc\"><span class=\"desc__content\">mit fruchtiger Tomatensauce<\/span><\/p>\n<p class=\"menu-list__item-desc\"><span class=\"desc__content\">und frisch geriebenem Parmesan (separat)<\/span><span class=\"dots\"><\/span><span class=\"menu-list__item-price\">6,20 \u20ac<\/span><\/p>\n<\/li>\n<li class=\"menu-list__item\">\n<h4 class=\"menu-list__item-title\"><span class=\"item_title\">Hamburger<\/span><span class=\"dots\"><\/span><\/h4>\n<p class=\"menu-list__item-desc\"><span class=\"desc__content\">Rinderhacksteak 120 g, mit Tomate, Gurke, Salat, im Burger-Br\u00f6tchen, Pommes Frites<\/span><\/p>\n<span class=\"dots\"><\/span><span class=\"menu-list__item-price\">6,90 \u20ac<\/span><\/li>\n<\/ul>\n<\/div>\n\n\t<\/div>\n\t<div class=\"grid__item six-twelfths palm-one-whole\" >\n\t\t\n<div class=\"menu-list menu-list__dotted\">\n<h2 class=\"menu-list__title\">Hauptgerichte<\/h2>\n<hr class=\"separator\"\/>\n<ul class=\"menu-list__items\">\n<li class=\"menu-list__item\">\n<h4 class=\"menu-list__item-title\"><strong>Deftige Gerichte<\/strong><\/h4>\n<\/li>\n<li class=\"menu-list__item\">\n<div class=\"menu-list__item-highlight-wrapper\">\n<span class=\"menu-list__item-highlight-title\">Unser Tipp<\/span>\n<h4 class=\"menu-list__item-title\"><span class=\"item_title\">Berliner Curry Grillwurst<\/span><span class=\"dots\"><\/span><\/h4>\n<p class=\"menu-list__item-desc\"><span class=\"desc__content\">mit fruchtiger Tomatensauce, Pommes frites, Salatgarnitur<\/span><\/p>\n<span class=\"dots\"><\/span><span class=\"menu-list__item-price\">9,80 \u20ac<\/span><\/div>\n<\/li>\n<li class=\"menu-list__item\">\n<h4 class=\"menu-list__item-title\"><span class=\"item_title\">2 Spiegeleier mit gebratenem Speck<\/span><span class=\"dots\"><\/span><\/h4>\n<p class=\"menu-list__item-desc\"><span class=\"desc__content\">auf jungem Blattspinat mit Bratkartoffeln<\/span><\/p>\n<span class=\"dots\"><\/span><span class=\"menu-list__item-price\">9,30 \u20ac<\/span><\/li>\n<li class=\"menu-list__item\">\n<h4 class=\"menu-list__item-title\">Hausmacher S\u00fclze<\/h4>\n<p class=\"menu-list__item-desc\"><span class=\"desc__content\">mit Remouladensauce, Bratkartoffeln,<\/span><\/p>\n<p class=\"menu-list__item-desc\"><span class=\"desc__content\">Zwiebelringen, Essiggurke<\/span><span class=\"dots\"><\/span><span class=\"menu-list__item-price\">9,50 \u20ac<\/span><\/p>\n<\/li>\n<li class=\"menu-list__item\">\n<h4 class=\"menu-list__item-title\">Hausgemachte Berliner Boulette<\/h4>\n<p class=\"menu-list__item-desc\"><span class=\"desc__content\">wahlweise mit<\/span><\/p>\n<p class=\"menu-list__item-desc\"><span class=\"desc__content\">Spiegelei<\/span><span class=\"dots\"><\/span><span class=\"menu-list__item-price\">11,80 \u20ac<\/span><\/p>\n<p class=\"menu-list__item-desc\"><span class=\"desc__content\">Frischen Champignons in Rahmsauce<\/span><span class=\"dots\"><\/span><span class=\"menu-list__item-price\">11,80 \u20ac<\/span><\/p>\n<p class=\"menu-list__item-desc\"><span class=\"desc__content\">Balkansauce mit Tomate, Paprika,<\/span><\/p>\n<p class=\"menu-list__item-desc\"><span class=\"desc__content\">Zwiebeln, Speckstreifen<\/span><span class=\"dots\"><\/span><span class=\"menu-list__item-price\">11,80 \u20ac<\/span><\/p>\n<p class=\"menu-list__item-desc\"><span class=\"desc__content\">Pfefferrahmsauce<\/span><span class=\"dots\"><\/span><span class=\"menu-list__item-price\">11,80 \u20ac<\/span><\/p>\n<\/li>\n<li class=\"menu-list__item\">\n<h4 class=\"menu-list__item-title\"><\/h4>\n<p class=\"menu-list__item-desc\"><span class=\"desc__content\"><strong>mit Pommes Frites, Bratkartoffeln oder Petersilienkartoffeln<\/strong><\/span><\/p>\n<\/li>\n<li class=\"menu-list__item\">\n<h4 class=\"menu-list__item-title\">Bayerischer Fleischk\u00e4se<\/h4>\n<p class=\"menu-list__item-desc\"><span class=\"desc__content\">gebraten \u2013 mit Spiegelei und R\u00f6stzwiebeln,<\/span><\/p>\n<p class=\"menu-list__item-desc\"><span class=\"desc__content\">Bratkartoffeln oder Kartoffelsalat, Salatgarnitur<\/span><span class=\"dots\"><\/span><span class=\"menu-list__item-price\">9,80 \u20ac<\/span><\/p>\n<\/li>\n<li class=\"menu-list__item\">\n<h4 class=\"menu-list__item-title\">Th\u00fcringer Bratwurstschnecke<\/h4>\n<p class=\"menu-list__item-desc\"><span class=\"desc__content\">gebraten \u2013 mit Spiegelei und R\u00f6stzwiebeln,<\/span><\/p>\n<p class=\"menu-list__item-desc\"><span class=\"desc__content\">Bratkartoffeln oder Kartoffelsalat, Salatgarnitur<\/span><span class=\"dots\"><\/span><span class=\"menu-list__item-price\">10,90 \u20ac<\/span><\/p>\n<\/li>\n<li class=\"menu-list__item\">\n<h4 class=\"menu-list__item-title\">2 Kalbsbratw\u00fcrste<\/h4>\n<p class=\"menu-list__item-desc\"><span class=\"desc__content\">gegrillt (100% Kalbfleisch)<\/span><\/p>\n<p class=\"menu-list__item-desc\"><span class=\"desc__content\">auf deftigem Weinkraut, Sauerrahm, Bratkartoffeln oder Petersilienkartoffeln<\/span><span class=\"dots\"><\/span><span class=\"menu-list__item-price\">12,80 \u20ac<\/span><\/p>\n<\/li>\n<li class=\"menu-list__item\">\n<h4 class=\"menu-list__item-title\"><strong>Schweineschnitzel<\/strong><\/h4>\n<\/li>\n<li class=\"menu-list__item\">\n<h4 class=\"menu-list__item-title\"><span class=\"item_title\">\"Wiener Art\"<\/span><span class=\"dots\"><\/span><\/h4>\n<p class=\"menu-list__item-desc\"><span class=\"desc__content\">paniert und goldbraun gebraten<\/span><\/p>\n<span class=\"dots\"><\/span><span class=\"menu-list__item-price\">15,00 \u20ac<\/span><\/li>\n<li class=\"menu-list__item\">\n<h4 class=\"menu-list__item-title\"><span class=\"item_title\">\"J\u00e4ger Art\"<\/span><span class=\"dots\"><\/span><\/h4>\n<p class=\"menu-list__item-desc\"><span class=\"desc__content\">mit frischen Champignons in Rahm<\/span><\/p>\n<span class=\"dots\"><\/span><span class=\"menu-list__item-price\">15,60 \u20ac<\/span><\/li>\n<li class=\"menu-list__item\">\n<h4 class=\"menu-list__item-title\">\"Balkan Art\"<\/h4>\n<p class=\"menu-list__item-desc\"><span class=\"desc__content\">mit frischem Paprika, Zwiebeln, Speckstreifen<\/span><\/p>\n<p class=\"menu-list__item-desc\"><span class=\"desc__content\">und Gew\u00fcrzgurke in fruchtiger Tomatensauce<\/span><span class=\"dots\"><\/span><span class=\"menu-list__item-price\">15,60 \u20ac<\/span><\/p>\n<\/li>\n<li class=\"menu-list__item\">\n<h4 class=\"menu-list__item-title\"><span class=\"item_title\">\"Metropole\"<\/span><span class=\"dots\"><\/span><\/h4>\n<p class=\"menu-list__item-desc\"><span class=\"desc__content\">mit Spiegelei und gebratenem Bacon-Speck<\/span><\/p>\n<span class=\"dots\"><\/span><span class=\"menu-list__item-price\">15,60 \u20ac<\/span><\/li>\n<li class=\"menu-list__item\">\n<h4 class=\"menu-list__item-title\"><\/h4>\n<p class=\"menu-list__item-desc\"><span class=\"desc__content\"><strong>Alle Schnitzel werden mit Salatgarnitur und Pommes Frites, Bratkartoffeln oder Backkartoffel serviert.<\/strong><\/span><\/p>\n<\/li>\n<li class=\"menu-list__item\">\n<h4 class=\"menu-list__item-title\"><strong>Gebackenes Fladenbrot<\/strong><\/h4>\n<\/li>\n<li class=\"menu-list__item\">\n<h4 class=\"menu-list__item-title\">gef\u00fcllt mit:<\/h4>\n<p class=\"menu-list__item-desc\"><span class=\"desc__content\">gekochtem Schinken, Emmentaler K\u00e4se, Rucola und Tomate<\/span><span class=\"dots\"><\/span><span class=\"menu-list__item-price\">7,80 \u20ac<\/span><\/p>\n<p class=\"menu-list__item-desc\"><span class=\"desc__content\">Blattspinat, Mozzarella und Waln\u00fcssen<\/span><span class=\"dots\"><\/span><span class=\"menu-list__item-price\">7,80 \u20ac<\/span><\/p>\n<p class=\"menu-list__item-desc\"><span class=\"desc__content\">Schafsk\u00e4se, Tomate, Rucola und Pesto<\/span><span class=\"dots\"><\/span><span class=\"menu-list__item-price\">7,80 \u20ac<\/span><\/p>\n<\/li>\n<li class=\"menu-list__item\">\n<h4 class=\"menu-list__item-title\"><strong>Gef\u00fcllte Ofenkartoffel<\/strong><\/h4>\n<\/li>\n<li class=\"menu-list__item\">\n<h4 class=\"menu-list__item-title\">wahlweise mit:<\/h4>\n<p class=\"menu-list__item-desc\"><span class=\"desc__content\">hausgemachtem Kr\u00e4uterquark<\/span><span class=\"dots\"><\/span><span class=\"menu-list__item-price\">9,90 \u20ac<\/span><\/p>\n<p class=\"menu-list__item-desc\"><span class=\"desc__content\">Heringshappen in Dill-Joghurtcreme<\/span><span class=\"dots\"><\/span><span class=\"menu-list__item-price\">10,90 \u20ac<\/span><\/p>\n<\/li>\n<li class=\"menu-list__item\">\n<h4 class=\"menu-list__item-title\"><\/h4>\n<p class=\"menu-list__item-desc\"><span class=\"desc__content\"><strong>Unsere Ofenkartoffeln werden mit gro\u00dfer Salatbeilage serviert.<\/strong><\/span><\/p>\n<\/li>\n<li class=\"menu-list__item\">\n<h4 class=\"menu-list__item-title\"><strong>Vegetarische Gerichte<\/strong><\/h4>\n<\/li>\n<li class=\"menu-list__item\">\n<h4 class=\"menu-list__item-title\"><span class=\"item_title\">Vegetarische Gem\u00fcselasagne<\/span><span class=\"dots\"><\/span><\/h4>\n<p class=\"menu-list__item-desc\"><span class=\"desc__content\">mit ger\u00f6stetem Sesam, Salatgarnitur<\/span><\/p>\n<span class=\"dots\"><\/span><span class=\"menu-list__item-price\">10,90 \u20ac<\/span><\/li>\n<li class=\"menu-list__item\">\n<h4 class=\"menu-list__item-title\"><span class=\"item_title\">Tortelloni<\/span><span class=\"dots\"><\/span><\/h4>\n<p class=\"menu-list__item-desc\"><span class=\"desc__content\">mit Spinat-Ricottaf\u00fcllung, Gem\u00fcsejulienne und Rucola in Rahmsauce und geriebenem K\u00e4se<\/span><\/p>\n<span class=\"dots\"><\/span><span class=\"menu-list__item-price\">10,90 \u20ac<\/span><\/li>\n<li class=\"menu-list__item\">\n<h4 class=\"menu-list__item-title\"><strong>Spaghetti<\/strong><\/h4>\n<\/li>\n<li class=\"menu-list__item\">\n<h4 class=\"menu-list__item-title\"><span class=\"item_title\">Carbonara<\/span><span class=\"dots\"><\/span><\/h4>\n<p class=\"menu-list__item-desc\"><span class=\"desc__content\">mit Schinkenstreifen in Ei-Sahnesauce, Basilikum, frisch geriebenem Parmesan<\/span><\/p>\n<span class=\"dots\"><\/span><span class=\"menu-list__item-price\">10,90 \u20ac<\/span><\/li>\n<li class=\"menu-list__item\">\n<h4 class=\"menu-list__item-title\"><span class=\"item_title\">Pomodoro<\/span><span class=\"dots\"><\/span><\/h4>\n<p class=\"menu-list__item-desc\"><span class=\"desc__content\">mit Kirschtomaten in Tomaten-Basilikumsauce,Rucola und Mozzarella<\/span><\/p>\n<span class=\"dots\"><\/span><span class=\"menu-list__item-price\">10,90 \u20ac<\/span><\/li>\n<li class=\"menu-list__item\">\n<h4 class=\"menu-list__item-title\"><span class=\"item_title\">Bolognese<\/span><span class=\"dots\"><\/span><\/h4>\n<p class=\"menu-list__item-desc\"><span class=\"desc__content\">aus reinem Rindfleisch, Tomaten, Gem\u00fcse und Kr\u00e4utern, frisch geriebener Parmesan<\/span><\/p>\n<span class=\"dots\"><\/span><span class=\"menu-list__item-price\">11,50 \u20ac<\/span><\/li>\n<li class=\"menu-list__item\">\n<h4 class=\"menu-list__item-title\">mit H\u00e4hnchenbruststreifen<\/h4>\n<p class=\"menu-list__item-desc\"><span class=\"desc__content\">frischem Paprika und Zucchini<\/span><\/p>\n<p class=\"menu-list__item-desc\"><span class=\"desc__content\">in Kr\u00e4uter-Sahnesauce, frisch geriebener Parmesan<\/span><span class=\"dots\"><\/span><span class=\"menu-list__item-price\">13,00 \u20ac<\/span><\/p>\n<\/li>\n<li class=\"menu-list__item\">\n<h4 class=\"menu-list__item-title\"><strong>Fisch<\/strong><\/h4>\n<\/li>\n<li class=\"menu-list__item\">\n<h4 class=\"menu-list__item-title\"><span class=\"item_title\">Zanderfilet<\/span><span class=\"dots\"><\/span><\/h4>\n<p class=\"menu-list__item-desc\"><span class=\"desc__content\">Petersilienkartoffeln, Salatgarnitur und Gurken-Dill-Salat<\/span><\/p>\n<span class=\"dots\"><\/span><span class=\"menu-list__item-price\">17,00 \u20ac<\/span><\/li>\n<li class=\"menu-list__item\">\n<h4 class=\"menu-list__item-title\"><span class=\"item_title\">Lachsfilet<\/span><span class=\"dots\"><\/span><\/h4>\n<p class=\"menu-list__item-desc\"><span class=\"desc__content\">mit Gem\u00fcsejulienne und Kr\u00e4uterbutter im Pergament gegart, junger Blattspinat, Petersilienkartoffeln<\/span><\/p>\n<span class=\"dots\"><\/span><span class=\"menu-list__item-price\">17,80 \u20ac<\/span><\/li>\n<\/ul>\n<\/div>\n\n\t<\/div>\n\t<\/div>\n\n","protected":false},"excerpt":{"rendered":"","protected":false},"author":3,"featured_media":1173,"parent":0,"menu_order":5,"comment_status":"closed","ping_status":"closed","template":"","meta":{"footnotes":""},"class_list":["post-1613","page","type-page","status-publish","has-post-thumbnail","hentry"],"_links":{"self":[{"href":"https:\/\/www.restaurant-nolle.de\/en\/wp-json\/wp\/v2\/pages\/1613","targetHints":{"allow":["GET"]}}],"collection":[{"href":"https:\/\/www.restaurant-nolle.de\/en\/wp-json\/wp\/v2\/pages"}],"about":[{"href":"https:\/\/www.restaurant-nolle.de\/en\/wp-json\/wp\/v2\/types\/page"}],"author":[{"embeddable":true,"href":"https:\/\/www.restaurant-nolle.de\/en\/wp-json\/wp\/v2\/users\/3"}],"replies":[{"embeddable":true,"href":"https:\/\/www.restaurant-nolle.de\/en\/wp-json\/wp\/v2\/comments?post=1613"}],"version-history":[{"count":1,"href":"https:\/\/www.restaurant-nolle.de\/en\/wp-json\/wp\/v2\/pages\/1613\/revisions"}],"predecessor-version":[{"id":1644,"href":"https:\/\/www.restaurant-nolle.de\/en\/wp-json\/wp\/v2\/pages\/1613\/revisions\/1644"}],"wp:featuredmedia":[{"embeddable":true,"href":"https:\/\/www.restaurant-nolle.de\/en\/wp-json\/wp\/v2\/media\/1173"}],"wp:attachment":[{"href":"https:\/\/www.restaurant-nolle.de\/en\/wp-json\/wp\/v2\/media?parent=1613"}],"curies":[{"name":"wp","href":"https:\/\/api.w.org\/{rel}","templated":true}]}}